{"id":154,"date":"2020-07-18T16:10:10","date_gmt":"2020-07-18T22:10:10","guid":{"rendered":"https:\/\/flosscr.com\/?page_id=154"},"modified":"2024-10-25T21:30:38","modified_gmt":"2024-10-26T03:30:38","slug":"linuxproffesionalinstitute","status":"publish","type":"page","link":"https:\/\/flosscr.com\/?page_id=154","title":{"rendered":"Recursos para activistas FLOSS"},"content":{"rendered":"<ul>\n<li>Presentaci\u00f3n ETH Pura Vida 2024 Licenciamiento FLOSS: <a href=\"https:\/\/docs.google.com\/presentation\/d\/1NBE6ODkWyhx5NSz8OvsL8g6oMeFh9McBo6V4RS5-_mE\/edit?usp=sharing\" target=\"_blank\" rel=\"noopener\">Presentaci\u00f3n<\/a><\/li>\n<li>Infograf\u00eda Licenciamiento FLOSS: <a href=\"https:\/\/docs.google.com\/presentation\/d\/1V4wKIhy2yb_JJRMGWTsoZFxfZqDijAZzrHG-PJU423M\/edit?usp=sharing\" target=\"_blank\" rel=\"noopener\">Infograf\u00eda Licencimiento<\/a><\/li>\n<\/ul>\n","protected":false},"excerpt":{"rendered":"<p>Presentaci\u00f3n ETH Pura Vida 2024 Licenciamiento FLOSS: Presentaci\u00f3n Infograf\u00eda Licenciamiento FLOSS: Infograf\u00eda Licencimiento<\/p>\n","protected":false},"author":1,"featured_media":0,"parent":0,"menu_order":0,"comment_status":"closed","ping_status":"closed","template":"","meta":{"pagelayer_contact_templates":[],"_pagelayer_content":"","footnotes":""},"class_list":["post-154","page","type-page","status-publish","hentry"],"_links":{"self":[{"href":"https:\/\/flosscr.com\/index.php?rest_route=\/wp\/v2\/pages\/154","targetHints":{"allow":["GET"]}}],"collection":[{"href":"https:\/\/flosscr.com\/index.php?rest_route=\/wp\/v2\/pages"}],"about":[{"href":"https:\/\/flosscr.com\/index.php?rest_route=\/wp\/v2\/types\/page"}],"author":[{"embeddable":true,"href":"https:\/\/flosscr.com\/index.php?rest_route=\/wp\/v2\/users\/1"}],"replies":[{"embeddable":true,"href":"https:\/\/flosscr.com\/index.php?rest_route=%2Fwp%2Fv2%2Fcomments&post=154"}],"version-history":[{"count":7,"href":"https:\/\/flosscr.com\/index.php?rest_route=\/wp\/v2\/pages\/154\/revisions"}],"predecessor-version":[{"id":1696,"href":"https:\/\/flosscr.com\/index.php?rest_route=\/wp\/v2\/pages\/154\/revisions\/1696"}],"wp:attachment":[{"href":"https:\/\/flosscr.com\/index.php?rest_route=%2Fwp%2Fv2%2Fmedia&parent=154"}],"curies":[{"name":"wp","href":"https:\/\/api.w.org\/{rel}","templated":true}]}}